{"id":3670,"date":"2024-01-21T09:40:18","date_gmt":"2024-01-21T09:40:18","guid":{"rendered":"https:\/\/lichttorenstrand.be\/plaisir-lts\/"},"modified":"2024-02-06T06:07:22","modified_gmt":"2024-02-06T06:07:22","slug":"plaisir-lts","status":"publish","type":"page","link":"https:\/\/lichttorenstrand.be\/fr\/plaisir-lts\/","title":{"rendered":"Plaisir @ LTS"},"content":{"rendered":"\t\t<div data-elementor-type=\"wp-page\" data-elementor-id=\"3670\" class=\"elementor elementor-3670 elementor-19\" data-elementor-post-type=\"page\">\n\t\t\t\t<div class=\"elementor-element elementor-element-3336ac2 e-flex e-con-boxed e-con e-parent\" data-id=\"3336ac2\" data-element_type=\"container\" data-settings=\"{&quot;background_background&quot;:&quot;classic&quot;,&quot;background_motion_fx_motion_fx_scrolling&quot;:&quot;yes&quot;,&quot;background_motion_fx_translateY_effect&quot;:&quot;yes&quot;,&quot;background_motion_fx_translateY_speed&quot;:{&quot;unit&quot;:&quot;px&quot;,&quot;size&quot;:4,&quot;sizes&quot;:[]},&quot;background_motion_fx_translateY_affectedRange&quot;:{&quot;unit&quot;:&quot;%&quot;,&quot;size&quot;:&quot;&quot;,&quot;sizes&quot;:{&quot;start&quot;:0,&quot;end&quot;:100}},&quot;background_motion_fx_devices&quot;:[&quot;desktop&quot;,&quot;tablet&quot;,&quot;mobile&quot;]}\">\n\t\t\t\t\t<div class=\"e-con-inner\">\n\t\t\t\t<div class=\"elementor-element elementor-element-1baebbe elementor-widget elementor-widget-spacer\" data-id=\"1baebbe\" data-element_type=\"widget\" data-widget_type=\"spacer.default\">\n\t\t\t\t<div class=\"elementor-widget-container\">\n\t\t\t\t\t\t\t<div class=\"elementor-spacer\">\n\t\t\t<div class=\"elementor-spacer-inner\"><\/div>\n\t\t<\/div>\n\t\t\t\t\t\t<\/div>\n\t\t\t\t<\/div>\n\t\t\t\t\t<\/div>\n\t\t\t\t<\/div>\n\t\t<div class=\"elementor-element elementor-element-643f467 e-flex e-con-boxed elementor-invisible e-con e-parent\" data-id=\"643f467\" data-element_type=\"container\" data-settings=\"{&quot;animation&quot;:&quot;fadeInUp&quot;}\">\n\t\t\t\t\t<div class=\"e-con-inner\">\n\t\t\t\t<div class=\"elementor-element elementor-element-db609bb e-transform elementor-widget elementor-widget-image\" data-id=\"db609bb\" data-element_type=\"widget\" data-settings=\"{&quot;_transform_rotateZ_effect&quot;:{&quot;unit&quot;:&quot;px&quot;,&quot;size&quot;:180,&quot;sizes&quot;:[]},&quot;_transform_rotateZ_effect_tablet&quot;:{&quot;unit&quot;:&quot;deg&quot;,&quot;size&quot;:&quot;&quot;,&quot;sizes&quot;:[]},&quot;_transform_rotateZ_effect_mobile&quot;:{&quot;unit&quot;:&quot;deg&quot;,&quot;size&quot;:&quot;&quot;,&quot;sizes&quot;:[]}}\" data-widget_type=\"image.default\">\n\t\t\t\t<div class=\"elementor-widget-container\">\n\t\t\t\t\t\t\t\t\t\t\t\t\t\t\t<img fetchpriority=\"high\" decoding=\"async\" width=\"286\" height=\"208\" src=\"https:\/\/lichttorenstrand.be\/wp-content\/uploads\/2024\/01\/logo-shape.png\" class=\"attachment-large size-large wp-image-2103\" alt=\"\" \/>\t\t\t\t\t\t\t\t\t\t\t\t\t\t\t<\/div>\n\t\t\t\t<\/div>\n\t\t\t\t<div class=\"elementor-element elementor-element-4c038bd elementor-widget elementor-widget-heading\" data-id=\"4c038bd\" data-element_type=\"widget\" data-widget_type=\"heading.default\">\n\t\t\t\t<div class=\"elementor-widget-container\">\n\t\t\t\t\t<span class=\"elementor-heading-title elementor-size-default\">Reposez-vous avec style<\/span>\t\t\t\t<\/div>\n\t\t\t\t<\/div>\n\t\t\t\t<div class=\"elementor-element elementor-element-b181756 elementor-widget__width-initial elementor-widget elementor-widget-heading\" data-id=\"b181756\" data-element_type=\"widget\" data-widget_type=\"heading.default\">\n\t\t\t\t<div class=\"elementor-widget-container\">\n\t\t\t\t\t<h2 class=\"elementor-heading-title elementor-size-default\">D\u00e9tente avec des chaises longues luxueuses, des lits \u00e0 baldaquin et un lounge chic.<\/h2>\t\t\t\t<\/div>\n\t\t\t\t<\/div>\n\t\t\t\t<div class=\"elementor-element elementor-element-7399c11 elementor-widget__width-initial elementor-widget elementor-widget-text-editor\" data-id=\"7399c11\" data-element_type=\"widget\" data-widget_type=\"text-editor.default\">\n\t\t\t\t<div class=\"elementor-widget-container\">\n\t\t\t\t\t\t\t\t\t<p>Le Lichttorenstrand a \u00e9t\u00e9 con\u00e7u pour \u00eatre un \u00a0environnement s\u00e9curis\u00e9 pour vos enfants. Ils peuvent courir librement, jouer dans le sable et s&rsquo;amuser dans notre aire de jeux, sous l&rsquo;\u0153il attentif de leurs parents. Notre objectif est de cr\u00e9er un environnement o\u00f9 les familles peuvent passer des moments insouciants au bord de la mer.<\/p>\n\t\t\t\t\t\t\t\t<\/div>\n\t\t\t\t<\/div>\n\t\t\t\t\t<\/div>\n\t\t\t\t<\/div>\n\t\t<div class=\"elementor-element elementor-element-fb58976 e-flex e-con-boxed e-con e-parent\" data-id=\"fb58976\" data-element_type=\"container\" data-settings=\"{&quot;background_background&quot;:&quot;classic&quot;}\">\n\t\t\t\t\t<div class=\"e-con-inner\">\n\t\t<div class=\"elementor-element elementor-element-2a3056e e-con-full e-flex elementor-invisible e-con e-child\" data-id=\"2a3056e\" data-element_type=\"container\" data-settings=\"{&quot;animation&quot;:&quot;fadeIn&quot;}\">\n\t\t\t\t<div class=\"elementor-element elementor-element-d3f2170 elementor-widget elementor-widget-image\" data-id=\"d3f2170\" data-element_type=\"widget\" data-widget_type=\"image.default\">\n\t\t\t\t<div class=\"elementor-widget-container\">\n\t\t\t\t\t\t\t\t\t\t\t\t\t\t\t<img decoding=\"async\" width=\"800\" height=\"800\" src=\"https:\/\/lichttorenstrand.be\/wp-content\/uploads\/2024\/01\/Strandbar-Lichttorenstrand-Knokke-8-1024x1024.jpeg\" class=\"attachment-large size-large wp-image-2083\" alt=\"\" srcset=\"https:\/\/lichttorenstrand.be\/wp-content\/uploads\/2024\/01\/Strandbar-Lichttorenstrand-Knokke-8-1024x1024.jpeg 1024w, https:\/\/lichttorenstrand.be\/wp-content\/uploads\/2024\/01\/Strandbar-Lichttorenstrand-Knokke-8-300x300.jpeg 300w, https:\/\/lichttorenstrand.be\/wp-content\/uploads\/2024\/01\/Strandbar-Lichttorenstrand-Knokke-8-150x150.jpeg 150w, https:\/\/lichttorenstrand.be\/wp-content\/uploads\/2024\/01\/Strandbar-Lichttorenstrand-Knokke-8-768x768.jpeg 768w, https:\/\/lichttorenstrand.be\/wp-content\/uploads\/2024\/01\/Strandbar-Lichttorenstrand-Knokke-8-1536x1536.jpeg 1536w, https:\/\/lichttorenstrand.be\/wp-content\/uploads\/2024\/01\/Strandbar-Lichttorenstrand-Knokke-8-2048x2048.jpeg 2048w\" sizes=\"(max-width: 800px) 100vw, 800px\" \/>\t\t\t\t\t\t\t\t\t\t\t\t\t\t\t<\/div>\n\t\t\t\t<\/div>\n\t\t\t\t<\/div>\n\t\t<div class=\"elementor-element elementor-element-1436158 e-con-full e-flex elementor-invisible e-con e-child\" data-id=\"1436158\" data-element_type=\"container\" data-settings=\"{&quot;background_background&quot;:&quot;classic&quot;,&quot;animation&quot;:&quot;fadeIn&quot;}\">\n\t\t\t\t<div class=\"elementor-element elementor-element-c6c5127 elementor-widget__width-inherit elementor-widget elementor-widget-heading\" data-id=\"c6c5127\" data-element_type=\"widget\" data-widget_type=\"heading.default\">\n\t\t\t\t<div class=\"elementor-widget-container\">\n\t\t\t\t\t<h3 class=\"elementor-heading-title elementor-size-default\">Laissez vos enfants  s\u2019amuser dans l'aire de jeux pendant que vous d\u00e9gustez une coupe de champagne, un ros\u00e9 frais ou un cocktail maison.<\/h3>\t\t\t\t<\/div>\n\t\t\t\t<\/div>\n\t\t\t\t<div class=\"elementor-element elementor-element-b3f3943 elementor-widget elementor-widget-text-editor\" data-id=\"b3f3943\" data-element_type=\"widget\" data-widget_type=\"text-editor.default\">\n\t\t\t\t<div class=\"elementor-widget-container\">\n\t\t\t\t\t\t\t\t\t<p>Pendant que les petits s&rsquo;amusent, les parents peuvent se d\u00e9tendre sur les transats, les lits \u00e0 baldaquin luxueus ou dans le confortable lounge. Savourez une coupe de champagne, un cocktail rafra\u00eechissant ou un bon verre de vin en \u00e9coutant le bruit apaisant des vagues.<\/p>\n\t\t\t\t\t\t\t\t<\/div>\n\t\t\t\t<\/div>\n\t\t\t\t<\/div>\n\t\t\t\t\t<\/div>\n\t\t\t\t<\/div>\n\t\t<div class=\"elementor-element elementor-element-79b912f e-flex e-con-boxed e-con e-parent\" data-id=\"79b912f\" data-element_type=\"container\" data-settings=\"{&quot;background_background&quot;:&quot;classic&quot;,&quot;background_motion_fx_motion_fx_scrolling&quot;:&quot;yes&quot;,&quot;background_motion_fx_scale_effect&quot;:&quot;yes&quot;,&quot;background_motion_fx_scale_direction&quot;:&quot;in-out&quot;,&quot;background_motion_fx_scale_speed&quot;:{&quot;unit&quot;:&quot;px&quot;,&quot;size&quot;:4,&quot;sizes&quot;:[]},&quot;background_motion_fx_scale_range&quot;:{&quot;unit&quot;:&quot;%&quot;,&quot;size&quot;:&quot;&quot;,&quot;sizes&quot;:{&quot;start&quot;:20,&quot;end&quot;:80}},&quot;background_motion_fx_devices&quot;:[&quot;desktop&quot;,&quot;tablet&quot;,&quot;mobile&quot;]}\">\n\t\t\t\t\t<div class=\"e-con-inner\">\n\t\t\t\t<div class=\"elementor-element elementor-element-60ce441 elementor-widget__width-initial elementor-widget-mobile__width-inherit elementor-invisible elementor-widget elementor-widget-heading\" data-id=\"60ce441\" data-element_type=\"widget\" data-settings=\"{&quot;_animation&quot;:&quot;fadeInDown&quot;}\" data-widget_type=\"heading.default\">\n\t\t\t\t<div class=\"elementor-widget-container\">\n\t\t\t\t\t<h2 class=\"elementor-heading-title elementor-size-default\">Knokke est la station baln\u00e9aire par excellence \u00e0 appr\u00e9cier ! <\/h2>\t\t\t\t<\/div>\n\t\t\t\t<\/div>\n\t\t\t\t<div class=\"elementor-element elementor-element-c029a5b elementor-invisible elementor-widget elementor-widget-heading\" data-id=\"c029a5b\" data-element_type=\"widget\" data-settings=\"{&quot;_animation&quot;:&quot;fadeInUp&quot;}\" data-widget_type=\"heading.default\">\n\t\t\t\t<div class=\"elementor-widget-container\">\n\t\t\t\t\t<p class=\"elementor-heading-title elementor-size-default\">C'est sans doute le plus bel endroit de notre c\u00f4te belge.<\/p>\t\t\t\t<\/div>\n\t\t\t\t<\/div>\n\t\t\t\t<div class=\"elementor-element elementor-element-1d4cb44 elementor-align-justify elementor-widget__width-initial btn-light elementor-invisible elementor-widget elementor-widget-button\" data-id=\"1d4cb44\" data-element_type=\"widget\" data-settings=\"{&quot;_animation&quot;:&quot;fadeIn&quot;,&quot;_animation_delay&quot;:800}\" data-widget_type=\"button.default\">\n\t\t\t\t<div class=\"elementor-widget-container\">\n\t\t\t\t\t\t\t\t\t<div class=\"elementor-button-wrapper\">\n\t\t\t\t\t<a class=\"elementor-button elementor-button-link elementor-size-md\" href=\"https:\/\/lichttorenstrand.be\/fr\/contact\/\">\n\t\t\t\t\t\t<span class=\"elementor-button-content-wrapper\">\n\t\t\t\t\t\t\t\t\t<span class=\"elementor-button-text\">R\u00e9servation<\/span>\n\t\t\t\t\t<\/span>\n\t\t\t\t\t<\/a>\n\t\t\t\t<\/div>\n\t\t\t\t\t\t\t\t<\/div>\n\t\t\t\t<\/div>\n\t\t\t\t\t<\/div>\n\t\t\t\t<\/div>\n\t\t<div class=\"elementor-element elementor-element-4d687a0 e-flex e-con-boxed elementor-invisible e-con e-parent\" data-id=\"4d687a0\" data-element_type=\"container\" data-settings=\"{&quot;animation&quot;:&quot;fadeInUp&quot;}\">\n\t\t\t\t\t<div class=\"e-con-inner\">\n\t\t<div class=\"elementor-element elementor-element-bf6b06d e-con-full e-flex e-con e-child\" data-id=\"bf6b06d\" data-element_type=\"container\">\n\t\t\t\t<div class=\"elementor-element elementor-element-9e644f5 e-transform elementor-widget elementor-widget-image\" data-id=\"9e644f5\" data-element_type=\"widget\" data-settings=\"{&quot;_transform_rotateZ_effect&quot;:{&quot;unit&quot;:&quot;px&quot;,&quot;size&quot;:180,&quot;sizes&quot;:[]},&quot;_transform_rotateZ_effect_tablet&quot;:{&quot;unit&quot;:&quot;deg&quot;,&quot;size&quot;:&quot;&quot;,&quot;sizes&quot;:[]},&quot;_transform_rotateZ_effect_mobile&quot;:{&quot;unit&quot;:&quot;deg&quot;,&quot;size&quot;:&quot;&quot;,&quot;sizes&quot;:[]}}\" data-widget_type=\"image.default\">\n\t\t\t\t<div class=\"elementor-widget-container\">\n\t\t\t\t\t\t\t\t\t\t\t\t\t\t\t<img fetchpriority=\"high\" decoding=\"async\" width=\"286\" height=\"208\" src=\"https:\/\/lichttorenstrand.be\/wp-content\/uploads\/2024\/01\/logo-shape.png\" class=\"attachment-large size-large wp-image-2103\" alt=\"\" \/>\t\t\t\t\t\t\t\t\t\t\t\t\t\t\t<\/div>\n\t\t\t\t<\/div>\n\t\t\t\t<div class=\"elementor-element elementor-element-166a9ed elementor-widget elementor-widget-heading\" data-id=\"166a9ed\" data-element_type=\"widget\" data-widget_type=\"heading.default\">\n\t\t\t\t<div class=\"elementor-widget-container\">\n\t\t\t\t\t<span class=\"elementor-heading-title elementor-size-default\"> Lichttorenplein<\/span>\t\t\t\t<\/div>\n\t\t\t\t<\/div>\n\t\t\t\t<div class=\"elementor-element elementor-element-0ed3f77 elementor-widget__width-initial elementor-widget elementor-widget-heading\" data-id=\"0ed3f77\" data-element_type=\"widget\" data-widget_type=\"heading.default\">\n\t\t\t\t<div class=\"elementor-widget-container\">\n\t\t\t\t\t<h3 class=\"elementor-heading-title elementor-size-default\">Vous nous trouverez juste apr\u00e8s l'office du tourisme <\/h3>\t\t\t\t<\/div>\n\t\t\t\t<\/div>\n\t\t\t\t<div class=\"elementor-element elementor-element-012e92a elementor-widget elementor-widget-text-editor\" data-id=\"012e92a\" data-element_type=\"widget\" data-widget_type=\"text-editor.default\">\n\t\t\t\t<div class=\"elementor-widget-container\">\n\t\t\t\t\t\t\t\t\t<p>Notre service personnalis\u00e9 fait de cette plage l\u2019endroit id\u00e9al pour passer une journ\u00e9e au bord de la mer. Si vous \u00eates \u00e0 la recherche d\u2019une ambiance de vacances id\u00e9ale, vous \u00eates au bon endroit.<\/p>\n\t\t\t\t\t\t\t\t<\/div>\n\t\t\t\t<\/div>\n\t\t\t\t<div class=\"elementor-element elementor-element-9f05e9a elementor-align-justify elementor-widget__width-initial btn-dark elementor-widget elementor-widget-button\" data-id=\"9f05e9a\" data-element_type=\"widget\" data-widget_type=\"button.default\">\n\t\t\t\t<div class=\"elementor-widget-container\">\n\t\t\t\t\t\t\t\t\t<div class=\"elementor-button-wrapper\">\n\t\t\t\t\t<a class=\"elementor-button elementor-button-link elementor-size-md\" href=\"https:\/\/lichttorenstrand.be\/fr\/contact\/\">\n\t\t\t\t\t\t<span class=\"elementor-button-content-wrapper\">\n\t\t\t\t\t\t\t\t\t<span class=\"elementor-button-text\">Contactez nous<\/span>\n\t\t\t\t\t<\/span>\n\t\t\t\t\t<\/a>\n\t\t\t\t<\/div>\n\t\t\t\t\t\t\t\t<\/div>\n\t\t\t\t<\/div>\n\t\t\t\t<\/div>\n\t\t<div class=\"elementor-element elementor-element-cbea887 e-con-full e-flex e-con e-child\" data-id=\"cbea887\" data-element_type=\"container\">\n\t\t\t\t<div class=\"elementor-element elementor-element-2d210b3 elementor-widget elementor-widget-image\" data-id=\"2d210b3\" data-element_type=\"widget\" data-widget_type=\"image.default\">\n\t\t\t\t<div class=\"elementor-widget-container\">\n\t\t\t\t\t\t\t\t\t\t\t\t\t\t\t<img decoding=\"async\" width=\"800\" height=\"839\" src=\"https:\/\/lichttorenstrand.be\/wp-content\/uploads\/2024\/01\/Strandbar-Lichttorenstrand-Knokke-10-976x1024.jpeg\" class=\"attachment-large size-large wp-image-2085\" alt=\"\" srcset=\"https:\/\/lichttorenstrand.be\/wp-content\/uploads\/2024\/01\/Strandbar-Lichttorenstrand-Knokke-10-976x1024.jpeg 976w, https:\/\/lichttorenstrand.be\/wp-content\/uploads\/2024\/01\/Strandbar-Lichttorenstrand-Knokke-10-286x300.jpeg 286w, https:\/\/lichttorenstrand.be\/wp-content\/uploads\/2024\/01\/Strandbar-Lichttorenstrand-Knokke-10-768x806.jpeg 768w, https:\/\/lichttorenstrand.be\/wp-content\/uploads\/2024\/01\/Strandbar-Lichttorenstrand-Knokke-10.jpeg 982w\" sizes=\"(max-width: 800px) 100vw, 800px\" \/>\t\t\t\t\t\t\t\t\t\t\t\t\t\t\t<\/div>\n\t\t\t\t<\/div>\n\t\t\t\t<div class=\"elementor-element elementor-element-a3196c9 elementor-absolute elementor-widget elementor-widget-image\" data-id=\"a3196c9\" data-element_type=\"widget\" data-settings=\"{&quot;_position&quot;:&quot;absolute&quot;}\" data-widget_type=\"image.default\">\n\t\t\t\t<div class=\"elementor-widget-container\">\n\t\t\t\t\t\t\t\t\t\t\t\t\t\t\t<img loading=\"lazy\" decoding=\"async\" width=\"800\" height=\"814\" src=\"https:\/\/lichttorenstrand.be\/wp-content\/uploads\/2024\/01\/Strandbar-Lichttorenstrand-Knokke-6-1006x1024.jpeg\" class=\"attachment-large size-large wp-image-2081\" alt=\"\" srcset=\"https:\/\/lichttorenstrand.be\/wp-content\/uploads\/2024\/01\/Strandbar-Lichttorenstrand-Knokke-6-1006x1024.jpeg 1006w, https:\/\/lichttorenstrand.be\/wp-content\/uploads\/2024\/01\/Strandbar-Lichttorenstrand-Knokke-6-295x300.jpeg 295w, https:\/\/lichttorenstrand.be\/wp-content\/uploads\/2024\/01\/Strandbar-Lichttorenstrand-Knokke-6-768x782.jpeg 768w, https:\/\/lichttorenstrand.be\/wp-content\/uploads\/2024\/01\/Strandbar-Lichttorenstrand-Knokke-6.jpeg 1012w\" sizes=\"(max-width: 800px) 100vw, 800px\" \/>\t\t\t\t\t\t\t\t\t\t\t\t\t\t\t<\/div>\n\t\t\t\t<\/div>\n\t\t\t\t<\/div>\n\t\t\t\t\t<\/div>\n\t\t\t\t<\/div>\n\t\t\t\t<\/div>\n\t\t","protected":false},"excerpt":{"rendered":"<p>Reposez-vous avec style D\u00e9tente avec des chaises longues luxueuses, des lits \u00e0 baldaquin et un lounge chic. Le Lichttorenstrand a \u00e9t\u00e9 con\u00e7u pour \u00eatre un \u00a0environnement s\u00e9curis\u00e9 pour vos enfants. Ils peuvent courir librement, jouer dans le sable et s&rsquo;amuser dans notre aire de jeux, sous l&rsquo;\u0153il attentif de leurs parents. Notre objectif est de [&hellip;]<\/p>\n","protected":false},"author":1,"featured_media":0,"parent":0,"menu_order":0,"comment_status":"closed","ping_status":"closed","template":"","meta":{"footnotes":""},"class_list":["post-3670","page","type-page","status-publish","hentry"],"yoast_head":"<!-- This site is optimized with the Yoast SEO plugin v25.4 - https:\/\/yoast.com\/wordpress\/plugins\/seo\/ -->\n<title>Profitez de nos transats, de nos luxueux lits \u00e0 baldaquin ou de notre lounge.<\/title>\n<meta name=\"description\" content=\"Laissez vos enfants s\u2019amuser dans l&#039;aire de jeux pendant que vous d\u00e9gustez une coupe de champagne, un ros\u00e9 frais ou un cocktail maison.\" \/>\n<meta name=\"robots\" content=\"index, follow, max-snippet:-1, max-image-preview:large, max-video-preview:-1\" \/>\n<link rel=\"canonical\" href=\"https:\/\/lichttorenstrand.be\/fr\/plaisir-lts\/\" \/>\n<meta property=\"og:locale\" content=\"fr_FR\" \/>\n<meta property=\"og:type\" content=\"article\" \/>\n<meta property=\"og:title\" content=\"Profitez de nos transats, de nos luxueux lits \u00e0 baldaquin ou de notre lounge.\" \/>\n<meta property=\"og:description\" content=\"Laissez vos enfants s\u2019amuser dans l&#039;aire de jeux pendant que vous d\u00e9gustez une coupe de champagne, un ros\u00e9 frais ou un cocktail maison.\" \/>\n<meta property=\"og:url\" content=\"https:\/\/lichttorenstrand.be\/fr\/plaisir-lts\/\" \/>\n<meta property=\"og:site_name\" content=\"Strandbar Lichttorenstrand\" \/>\n<meta property=\"article:publisher\" content=\"https:\/\/www.facebook.com\/lichttorenstrand.knokke\/\" \/>\n<meta property=\"article:modified_time\" content=\"2024-02-06T06:07:22+00:00\" \/>\n<meta property=\"og:image\" content=\"https:\/\/lichttorenstrand.be\/wp-content\/uploads\/2024\/01\/logo-shape.png\" \/>\n<meta name=\"twitter:card\" content=\"summary_large_image\" \/>\n<meta name=\"twitter:label1\" content=\"Dur\u00e9e de lecture est.\" \/>\n\t<meta name=\"twitter:data1\" content=\"1 minute\" \/>\n<script type=\"application\/ld+json\" class=\"yoast-schema-graph\">{\"@context\":\"https:\/\/schema.org\",\"@graph\":[{\"@type\":\"WebPage\",\"@id\":\"https:\/\/lichttorenstrand.be\/fr\/plaisir-lts\/\",\"url\":\"https:\/\/lichttorenstrand.be\/fr\/plaisir-lts\/\",\"name\":\"Profitez de nos transats, de nos luxueux lits \u00e0 baldaquin ou de notre lounge.\",\"isPartOf\":{\"@id\":\"https:\/\/lichttorenstrand.be\/fr\/#website\"},\"primaryImageOfPage\":{\"@id\":\"https:\/\/lichttorenstrand.be\/fr\/plaisir-lts\/#primaryimage\"},\"image\":{\"@id\":\"https:\/\/lichttorenstrand.be\/fr\/plaisir-lts\/#primaryimage\"},\"thumbnailUrl\":\"https:\/\/lichttorenstrand.be\/wp-content\/uploads\/2024\/01\/logo-shape.png\",\"datePublished\":\"2024-01-21T09:40:18+00:00\",\"dateModified\":\"2024-02-06T06:07:22+00:00\",\"description\":\"Laissez vos enfants s\u2019amuser dans l'aire de jeux pendant que vous d\u00e9gustez une coupe de champagne, un ros\u00e9 frais ou un cocktail maison.\",\"breadcrumb\":{\"@id\":\"https:\/\/lichttorenstrand.be\/fr\/plaisir-lts\/#breadcrumb\"},\"inLanguage\":\"fr-BE\",\"potentialAction\":[{\"@type\":\"ReadAction\",\"target\":[\"https:\/\/lichttorenstrand.be\/fr\/plaisir-lts\/\"]}]},{\"@type\":\"ImageObject\",\"inLanguage\":\"fr-BE\",\"@id\":\"https:\/\/lichttorenstrand.be\/fr\/plaisir-lts\/#primaryimage\",\"url\":\"https:\/\/lichttorenstrand.be\/wp-content\/uploads\/2024\/01\/logo-shape.png\",\"contentUrl\":\"https:\/\/lichttorenstrand.be\/wp-content\/uploads\/2024\/01\/logo-shape.png\"},{\"@type\":\"BreadcrumbList\",\"@id\":\"https:\/\/lichttorenstrand.be\/fr\/plaisir-lts\/#breadcrumb\",\"itemListElement\":[{\"@type\":\"ListItem\",\"position\":1,\"name\":\"Home\",\"item\":\"https:\/\/lichttorenstrand.be\/fr\/\"},{\"@type\":\"ListItem\",\"position\":2,\"name\":\"Plaisir @ LTS\"}]},{\"@type\":\"WebSite\",\"@id\":\"https:\/\/lichttorenstrand.be\/fr\/#website\",\"url\":\"https:\/\/lichttorenstrand.be\/fr\/\",\"name\":\"Strandbar Lichttorenstrand\",\"description\":\"Uw klassevolle familiestrand in Knokke\",\"publisher\":{\"@id\":\"https:\/\/lichttorenstrand.be\/fr\/#organization\"},\"potentialAction\":[{\"@type\":\"SearchAction\",\"target\":{\"@type\":\"EntryPoint\",\"urlTemplate\":\"https:\/\/lichttorenstrand.be\/fr\/?s={search_term_string}\"},\"query-input\":{\"@type\":\"PropertyValueSpecification\",\"valueRequired\":true,\"valueName\":\"search_term_string\"}}],\"inLanguage\":\"fr-BE\"},{\"@type\":\"Organization\",\"@id\":\"https:\/\/lichttorenstrand.be\/fr\/#organization\",\"name\":\"Strandbar Lichttorenstrand\",\"url\":\"https:\/\/lichttorenstrand.be\/fr\/\",\"logo\":{\"@type\":\"ImageObject\",\"inLanguage\":\"fr-BE\",\"@id\":\"https:\/\/lichttorenstrand.be\/fr\/#\/schema\/logo\/image\/\",\"url\":\"https:\/\/lichttorenstrand.be\/wp-content\/uploads\/2024\/01\/Lichttorenstrand_Logo.png\",\"contentUrl\":\"https:\/\/lichttorenstrand.be\/wp-content\/uploads\/2024\/01\/Lichttorenstrand_Logo.png\",\"width\":2452,\"height\":1322,\"caption\":\"Strandbar Lichttorenstrand\"},\"image\":{\"@id\":\"https:\/\/lichttorenstrand.be\/fr\/#\/schema\/logo\/image\/\"},\"sameAs\":[\"https:\/\/www.facebook.com\/lichttorenstrand.knokke\/\",\"https:\/\/www.instagram.com\/lichttorenstrand.knokke\/\"]}]}<\/script>\n<!-- \/ Yoast SEO plugin. -->","yoast_head_json":{"title":"Profitez de nos transats, de nos luxueux lits \u00e0 baldaquin ou de notre lounge.","description":"Laissez vos enfants s\u2019amuser dans l'aire de jeux pendant que vous d\u00e9gustez une coupe de champagne, un ros\u00e9 frais ou un cocktail maison.","robots":{"index":"index","follow":"follow","max-snippet":"max-snippet:-1","max-image-preview":"max-image-preview:large","max-video-preview":"max-video-preview:-1"},"canonical":"https:\/\/lichttorenstrand.be\/fr\/plaisir-lts\/","og_locale":"fr_FR","og_type":"article","og_title":"Profitez de nos transats, de nos luxueux lits \u00e0 baldaquin ou de notre lounge.","og_description":"Laissez vos enfants s\u2019amuser dans l'aire de jeux pendant que vous d\u00e9gustez une coupe de champagne, un ros\u00e9 frais ou un cocktail maison.","og_url":"https:\/\/lichttorenstrand.be\/fr\/plaisir-lts\/","og_site_name":"Strandbar Lichttorenstrand","article_publisher":"https:\/\/www.facebook.com\/lichttorenstrand.knokke\/","article_modified_time":"2024-02-06T06:07:22+00:00","og_image":[{"url":"https:\/\/lichttorenstrand.be\/wp-content\/uploads\/2024\/01\/logo-shape.png","type":"","width":"","height":""}],"twitter_card":"summary_large_image","twitter_misc":{"Dur\u00e9e de lecture est.":"1 minute"},"schema":{"@context":"https:\/\/schema.org","@graph":[{"@type":"WebPage","@id":"https:\/\/lichttorenstrand.be\/fr\/plaisir-lts\/","url":"https:\/\/lichttorenstrand.be\/fr\/plaisir-lts\/","name":"Profitez de nos transats, de nos luxueux lits \u00e0 baldaquin ou de notre lounge.","isPartOf":{"@id":"https:\/\/lichttorenstrand.be\/fr\/#website"},"primaryImageOfPage":{"@id":"https:\/\/lichttorenstrand.be\/fr\/plaisir-lts\/#primaryimage"},"image":{"@id":"https:\/\/lichttorenstrand.be\/fr\/plaisir-lts\/#primaryimage"},"thumbnailUrl":"https:\/\/lichttorenstrand.be\/wp-content\/uploads\/2024\/01\/logo-shape.png","datePublished":"2024-01-21T09:40:18+00:00","dateModified":"2024-02-06T06:07:22+00:00","description":"Laissez vos enfants s\u2019amuser dans l'aire de jeux pendant que vous d\u00e9gustez une coupe de champagne, un ros\u00e9 frais ou un cocktail maison.","breadcrumb":{"@id":"https:\/\/lichttorenstrand.be\/fr\/plaisir-lts\/#breadcrumb"},"inLanguage":"fr-BE","potentialAction":[{"@type":"ReadAction","target":["https:\/\/lichttorenstrand.be\/fr\/plaisir-lts\/"]}]},{"@type":"ImageObject","inLanguage":"fr-BE","@id":"https:\/\/lichttorenstrand.be\/fr\/plaisir-lts\/#primaryimage","url":"https:\/\/lichttorenstrand.be\/wp-content\/uploads\/2024\/01\/logo-shape.png","contentUrl":"https:\/\/lichttorenstrand.be\/wp-content\/uploads\/2024\/01\/logo-shape.png"},{"@type":"BreadcrumbList","@id":"https:\/\/lichttorenstrand.be\/fr\/plaisir-lts\/#breadcrumb","itemListElement":[{"@type":"ListItem","position":1,"name":"Home","item":"https:\/\/lichttorenstrand.be\/fr\/"},{"@type":"ListItem","position":2,"name":"Plaisir @ LTS"}]},{"@type":"WebSite","@id":"https:\/\/lichttorenstrand.be\/fr\/#website","url":"https:\/\/lichttorenstrand.be\/fr\/","name":"Strandbar Lichttorenstrand","description":"Uw klassevolle familiestrand in Knokke","publisher":{"@id":"https:\/\/lichttorenstrand.be\/fr\/#organization"},"potentialAction":[{"@type":"SearchAction","target":{"@type":"EntryPoint","urlTemplate":"https:\/\/lichttorenstrand.be\/fr\/?s={search_term_string}"},"query-input":{"@type":"PropertyValueSpecification","valueRequired":true,"valueName":"search_term_string"}}],"inLanguage":"fr-BE"},{"@type":"Organization","@id":"https:\/\/lichttorenstrand.be\/fr\/#organization","name":"Strandbar Lichttorenstrand","url":"https:\/\/lichttorenstrand.be\/fr\/","logo":{"@type":"ImageObject","inLanguage":"fr-BE","@id":"https:\/\/lichttorenstrand.be\/fr\/#\/schema\/logo\/image\/","url":"https:\/\/lichttorenstrand.be\/wp-content\/uploads\/2024\/01\/Lichttorenstrand_Logo.png","contentUrl":"https:\/\/lichttorenstrand.be\/wp-content\/uploads\/2024\/01\/Lichttorenstrand_Logo.png","width":2452,"height":1322,"caption":"Strandbar Lichttorenstrand"},"image":{"@id":"https:\/\/lichttorenstrand.be\/fr\/#\/schema\/logo\/image\/"},"sameAs":["https:\/\/www.facebook.com\/lichttorenstrand.knokke\/","https:\/\/www.instagram.com\/lichttorenstrand.knokke\/"]}]}},"_links":{"self":[{"href":"https:\/\/lichttorenstrand.be\/fr\/wp-json\/wp\/v2\/pages\/3670","targetHints":{"allow":["GET"]}}],"collection":[{"href":"https:\/\/lichttorenstrand.be\/fr\/wp-json\/wp\/v2\/pages"}],"about":[{"href":"https:\/\/lichttorenstrand.be\/fr\/wp-json\/wp\/v2\/types\/page"}],"author":[{"embeddable":true,"href":"https:\/\/lichttorenstrand.be\/fr\/wp-json\/wp\/v2\/users\/1"}],"replies":[{"embeddable":true,"href":"https:\/\/lichttorenstrand.be\/fr\/wp-json\/wp\/v2\/comments?post=3670"}],"version-history":[{"count":2,"href":"https:\/\/lichttorenstrand.be\/fr\/wp-json\/wp\/v2\/pages\/3670\/revisions"}],"predecessor-version":[{"id":3770,"href":"https:\/\/lichttorenstrand.be\/fr\/wp-json\/wp\/v2\/pages\/3670\/revisions\/3770"}],"wp:attachment":[{"href":"https:\/\/lichttorenstrand.be\/fr\/wp-json\/wp\/v2\/media?parent=3670"}],"curies":[{"name":"wp","href":"https:\/\/api.w.org\/{rel}","templated":true}]}}