{"id":3660,"date":"2024-01-21T09:40:57","date_gmt":"2024-01-21T09:40:57","guid":{"rendered":"https:\/\/lichttorenstrand.be\/reservation\/"},"modified":"2024-02-06T06:19:01","modified_gmt":"2024-02-06T06:19:01","slug":"reservation","status":"publish","type":"page","link":"https:\/\/lichttorenstrand.be\/fr\/reservation\/","title":{"rendered":"R\u00e9servation"},"content":{"rendered":"\t\t<div data-elementor-type=\"wp-page\" data-elementor-id=\"3660\" class=\"elementor elementor-3660 elementor-25\" data-elementor-post-type=\"page\">\n\t\t\t\t<div class=\"elementor-element elementor-element-61d5518 e-flex e-con-boxed e-con e-parent\" data-id=\"61d5518\" data-element_type=\"container\" data-settings=\"{&quot;background_background&quot;:&quot;classic&quot;,&quot;background_motion_fx_motion_fx_scrolling&quot;:&quot;yes&quot;,&quot;background_motion_fx_translateY_effect&quot;:&quot;yes&quot;,&quot;background_motion_fx_translateY_speed&quot;:{&quot;unit&quot;:&quot;px&quot;,&quot;size&quot;:4,&quot;sizes&quot;:[]},&quot;background_motion_fx_translateY_affectedRange&quot;:{&quot;unit&quot;:&quot;%&quot;,&quot;size&quot;:&quot;&quot;,&quot;sizes&quot;:{&quot;start&quot;:0,&quot;end&quot;:100}},&quot;background_motion_fx_devices&quot;:[&quot;desktop&quot;,&quot;tablet&quot;,&quot;mobile&quot;]}\">\n\t\t\t\t\t<div class=\"e-con-inner\">\n\t\t\t\t<div class=\"elementor-element elementor-element-c501402 elementor-widget elementor-widget-spacer\" data-id=\"c501402\" data-element_type=\"widget\" data-widget_type=\"spacer.default\">\n\t\t\t\t<div class=\"elementor-widget-container\">\n\t\t\t\t\t\t\t<div class=\"elementor-spacer\">\n\t\t\t<div class=\"elementor-spacer-inner\"><\/div>\n\t\t<\/div>\n\t\t\t\t\t\t<\/div>\n\t\t\t\t<\/div>\n\t\t\t\t\t<\/div>\n\t\t\t\t<\/div>\n\t\t<div class=\"elementor-element elementor-element-1c9eff1 e-flex e-con-boxed e-con e-parent\" data-id=\"1c9eff1\" data-element_type=\"container\">\n\t\t\t\t\t<div class=\"e-con-inner\">\n\t\t<div class=\"elementor-element elementor-element-ced02f9 e-con-full e-flex e-con e-child\" data-id=\"ced02f9\" data-element_type=\"container\">\n\t\t<div class=\"elementor-element elementor-element-360d948 e-flex e-con-boxed e-con e-child\" data-id=\"360d948\" data-element_type=\"container\" data-settings=\"{&quot;background_background&quot;:&quot;classic&quot;}\">\n\t\t\t\t\t<div class=\"e-con-inner\">\n\t\t\t\t<div class=\"elementor-element elementor-element-e0255c1 elementor-widget__width-initial elementor-widget elementor-widget-heading\" data-id=\"e0255c1\" data-element_type=\"widget\" data-widget_type=\"heading.default\">\n\t\t\t\t<div class=\"elementor-widget-container\">\n\t\t\t\t\t<h3 class=\"elementor-heading-title elementor-size-default\">Vous souhaitez r\u00e9server un transat \u00e0 l'avance ?<\/h3>\t\t\t\t<\/div>\n\t\t\t\t<\/div>\n\t\t\t\t<div class=\"elementor-element elementor-element-bcb981c elementor-widget elementor-widget-text-editor\" data-id=\"bcb981c\" data-element_type=\"widget\" data-widget_type=\"text-editor.default\">\n\t\t\t\t<div class=\"elementor-widget-container\">\n\t\t\t\t\t\t\t\t\t<p>Vous pouvez le faire par SMS ou Whatsapp (le soir avant 21h !) au num\u00e9ro suivant : <strong><a href=\"tel:0032474798978\">+32 474 79 89 78<\/a><\/strong><\/p>\n\t\t\t\t\t\t\t\t<\/div>\n\t\t\t\t<\/div>\n\t\t\t\t<div class=\"elementor-element elementor-element-14b432f elementor-widget elementor-widget-heading\" data-id=\"14b432f\" data-element_type=\"widget\" data-widget_type=\"heading.default\">\n\t\t\t\t<div class=\"elementor-widget-container\">\n\t\t\t\t\t<p class=\"elementor-heading-title elementor-size-default\">Veuillez mentionner les \u00e9l\u00e9ments suivants :<\/p>\t\t\t\t<\/div>\n\t\t\t\t<\/div>\n\t\t\t\t<div class=\"elementor-element elementor-element-f51cb58 elementor-align-center elementor-icon-list--layout-traditional elementor-list-item-link-full_width elementor-widget elementor-widget-icon-list\" data-id=\"f51cb58\" data-element_type=\"widget\" data-widget_type=\"icon-list.default\">\n\t\t\t\t<div class=\"elementor-widget-container\">\n\t\t\t\t\t\t\t<ul class=\"elementor-icon-list-items\">\n\t\t\t\t\t\t\t<li class=\"elementor-icon-list-item\">\n\t\t\t\t\t\t\t\t\t\t<span class=\"elementor-icon-list-text\">Nom<\/span>\n\t\t\t\t\t\t\t\t\t<\/li>\n\t\t\t\t\t\t\t\t<li class=\"elementor-icon-list-item\">\n\t\t\t\t\t\t\t\t\t\t<span class=\"elementor-icon-list-text\">Nombre de transats avec ou sans toile<\/span>\n\t\t\t\t\t\t\t\t\t<\/li>\n\t\t\t\t\t\t\t\t<li class=\"elementor-icon-list-item\">\n\t\t\t\t\t\t\t\t\t\t<span class=\"elementor-icon-list-text\">Emplacement : pr\u00e8s de l'aire de jeux, du bar ou de la mer<\/span>\n\t\t\t\t\t\t\t\t\t<\/li>\n\t\t\t\t\t\t<\/ul>\n\t\t\t\t\t\t<\/div>\n\t\t\t\t<\/div>\n\t\t\t\t<div class=\"elementor-element elementor-element-4a1aa8d elementor-widget elementor-widget-text-editor\" data-id=\"4a1aa8d\" data-element_type=\"widget\" data-widget_type=\"text-editor.default\">\n\t\t\t\t<div class=\"elementor-widget-container\">\n\t\t\t\t\t\t\t\t\t<p><strong>Attention<\/strong> : votre r\u00e9servation n&rsquo;est d\u00e9finitive qu&rsquo;apr\u00e8s r\u00e9ception d&rsquo;un message et n&rsquo;est garantie que jusqu&rsquo;\u00e0 12h30.<\/p>\n\t\t\t\t\t\t\t\t<\/div>\n\t\t\t\t<\/div>\n\t\t\t\t\t<\/div>\n\t\t\t\t<\/div>\n\t\t\t\t<div class=\"elementor-element elementor-element-8cb8baf elementor-widget elementor-widget-image\" data-id=\"8cb8baf\" data-element_type=\"widget\" data-widget_type=\"image.default\">\n\t\t\t\t<div class=\"elementor-widget-container\">\n\t\t\t\t\t\t\t\t\t\t\t\t\t\t\t<img fetchpriority=\"high\" decoding=\"async\" width=\"800\" height=\"600\" src=\"https:\/\/lichttorenstrand.be\/wp-content\/uploads\/2024\/01\/Strandbar-Lichttorenstrand-Knokke-12-1024x768.jpeg\" class=\"attachment-large size-large wp-image-2087\" alt=\"\" srcset=\"https:\/\/lichttorenstrand.be\/wp-content\/uploads\/2024\/01\/Strandbar-Lichttorenstrand-Knokke-12-1024x768.jpeg 1024w, https:\/\/lichttorenstrand.be\/wp-content\/uploads\/2024\/01\/Strandbar-Lichttorenstrand-Knokke-12-300x225.jpeg 300w, https:\/\/lichttorenstrand.be\/wp-content\/uploads\/2024\/01\/Strandbar-Lichttorenstrand-Knokke-12-768x576.jpeg 768w, https:\/\/lichttorenstrand.be\/wp-content\/uploads\/2024\/01\/Strandbar-Lichttorenstrand-Knokke-12.jpeg 1030w\" sizes=\"(max-width: 800px) 100vw, 800px\" \/>\t\t\t\t\t\t\t\t\t\t\t\t\t\t\t<\/div>\n\t\t\t\t<\/div>\n\t\t\t\t<\/div>\n\t\t<div class=\"elementor-element elementor-element-e3179c6 e-con-full e-flex e-con e-child\" data-id=\"e3179c6\" data-element_type=\"container\">\n\t\t\t\t<div class=\"elementor-element elementor-element-24e186b elementor-widget elementor-widget-image\" data-id=\"24e186b\" data-element_type=\"widget\" data-widget_type=\"image.default\">\n\t\t\t\t<div class=\"elementor-widget-container\">\n\t\t\t\t\t\t\t\t\t\t\t\t\t\t\t<img decoding=\"async\" width=\"800\" height=\"334\" src=\"https:\/\/lichttorenstrand.be\/wp-content\/uploads\/2024\/01\/Strandbar-Lichttorenstrand-Knokke-9-1024x427.jpg\" class=\"attachment-large size-large wp-image-2097\" alt=\"\" srcset=\"https:\/\/lichttorenstrand.be\/wp-content\/uploads\/2024\/01\/Strandbar-Lichttorenstrand-Knokke-9-1024x427.jpg 1024w, https:\/\/lichttorenstrand.be\/wp-content\/uploads\/2024\/01\/Strandbar-Lichttorenstrand-Knokke-9-300x125.jpg 300w, https:\/\/lichttorenstrand.be\/wp-content\/uploads\/2024\/01\/Strandbar-Lichttorenstrand-Knokke-9-768x320.jpg 768w, https:\/\/lichttorenstrand.be\/wp-content\/uploads\/2024\/01\/Strandbar-Lichttorenstrand-Knokke-9-1536x640.jpg 1536w, https:\/\/lichttorenstrand.be\/wp-content\/uploads\/2024\/01\/Strandbar-Lichttorenstrand-Knokke-9.jpg 1800w\" sizes=\"(max-width: 800px) 100vw, 800px\" \/>\t\t\t\t\t\t\t\t\t\t\t\t\t\t\t<\/div>\n\t\t\t\t<\/div>\n\t\t<div class=\"elementor-element elementor-element-03c3b7b e-flex e-con-boxed e-con e-child\" data-id=\"03c3b7b\" data-element_type=\"container\" data-settings=\"{&quot;background_background&quot;:&quot;classic&quot;}\">\n\t\t\t\t\t<div class=\"e-con-inner\">\n\t\t\t\t<div class=\"elementor-element elementor-element-f08cad2 elementor-widget elementor-widget-heading\" data-id=\"f08cad2\" data-element_type=\"widget\" data-widget_type=\"heading.default\">\n\t\t\t\t<div class=\"elementor-widget-container\">\n\t\t\t\t\t<h3 class=\"elementor-heading-title elementor-size-default\">Vous souhaitez r\u00e9server un transat pour le jour m\u00eame ? <\/h3>\t\t\t\t<\/div>\n\t\t\t\t<\/div>\n\t\t\t\t<div class=\"elementor-element elementor-element-b586aa8 elementor-widget elementor-widget-text-editor\" data-id=\"b586aa8\" data-element_type=\"widget\" data-widget_type=\"text-editor.default\">\n\t\t\t\t<div class=\"elementor-widget-container\">\n\t\t\t\t\t\t\t\t\t<p>Venez sur place et nous v\u00e9rifierons les places encore disponibles.<\/p>\n\t\t\t\t\t\t\t\t<\/div>\n\t\t\t\t<\/div>\n\t\t\t\t\t<\/div>\n\t\t\t\t<\/div>\n\t\t<div class=\"elementor-element elementor-element-277de6b e-flex e-con-boxed e-con e-child\" data-id=\"277de6b\" data-element_type=\"container\" data-settings=\"{&quot;background_background&quot;:&quot;classic&quot;}\">\n\t\t\t\t\t<div class=\"e-con-inner\">\n\t\t\t\t<div class=\"elementor-element elementor-element-2948cda elementor-widget elementor-widget-heading\" data-id=\"2948cda\" data-element_type=\"widget\" data-widget_type=\"heading.default\">\n\t\t\t\t<div class=\"elementor-widget-container\">\n\t\t\t\t\t<h3 class=\"elementor-heading-title elementor-size-default\">Int\u00e9ress\u00e9(e) par une cabine au Lichttorenstrand<\/h3>\t\t\t\t<\/div>\n\t\t\t\t<\/div>\n\t\t\t\t<div class=\"elementor-element elementor-element-3d400e6 elementor-widget elementor-widget-text-editor\" data-id=\"3d400e6\" data-element_type=\"widget\" data-widget_type=\"text-editor.default\">\n\t\t\t\t<div class=\"elementor-widget-container\">\n\t\t\t\t\t\t\t\t\t<p>D\u00e9couvrez l&rsquo;exp\u00e9rience parfaite de la plage avec nos cabines \u00e0 Light Tower Beach ! Profitez du confort et de l&rsquo;intimit\u00e9 tout en vous relaxant au bord de la mer. Pour plus d&rsquo;informations et de r\u00e9servations, envoyez un courriel \u00e0 <a href=\"mailto:lts.knokke@gmail.com\">LTS.knokke@gmail.com<\/a>.<\/p>\n\t\t\t\t\t\t\t\t<\/div>\n\t\t\t\t<\/div>\n\t\t\t\t\t<\/div>\n\t\t\t\t<\/div>\n\t\t<div class=\"elementor-element elementor-element-e8a92ac e-flex e-con-boxed e-con e-child\" data-id=\"e8a92ac\" data-element_type=\"container\" data-settings=\"{&quot;background_background&quot;:&quot;classic&quot;}\">\n\t\t\t\t\t<div class=\"e-con-inner\">\n\t\t\t\t<div class=\"elementor-element elementor-element-77b7113 elementor-widget__width-initial elementor-widget elementor-widget-heading\" data-id=\"77b7113\" data-element_type=\"widget\" data-widget_type=\"heading.default\">\n\t\t\t\t<div class=\"elementor-widget-container\">\n\t\t\t\t\t<h3 class=\"elementor-heading-title elementor-size-default\">Int\u00e9ress\u00e9 par un job de vacances ou un \u00e9v\u00e9nement <\/h3>\t\t\t\t<\/div>\n\t\t\t\t<\/div>\n\t\t\t\t<div class=\"elementor-element elementor-element-d928408 elementor-widget elementor-widget-text-editor\" data-id=\"d928408\" data-element_type=\"widget\" data-widget_type=\"text-editor.default\">\n\t\t\t\t<div class=\"elementor-widget-container\">\n\t\t\t\t\t\t\t\t\t<p>Vous \u00eates \u00e0 la recherche d&rsquo;un emploi de vacances passionnant ou vous voulez participer \u00e0 des \u00e9v\u00e9nements passionnants ? Nous offrons des possibilit\u00e9s exceptionnelles de passer l&rsquo;\u00e9t\u00e9 et de participer \u00e0 des exp\u00e9riences uniques. Contactez-nous \u00e0 l&rsquo;adresse <a href=\"mailto:lts.knokke@gmail.com\">LTS.knokke@gmail.com<\/a> pour plus de d\u00e9tails et pour exprimer votre int\u00e9r\u00eat. Nous sommes impatients de vous lire !<\/p>\n\t\t\t\t\t\t\t\t<\/div>\n\t\t\t\t<\/div>\n\t\t\t\t\t<\/div>\n\t\t\t\t<\/div>\n\t\t\t\t<\/div>\n\t\t\t\t\t<\/div>\n\t\t\t\t<\/div>\n\t\t\t\t<\/div>\n\t\t","protected":false},"excerpt":{"rendered":"<p>Vous souhaitez r\u00e9server un transat \u00e0 l&rsquo;avance ? Vous pouvez le faire par SMS ou Whatsapp (le soir avant 21h !) au num\u00e9ro suivant : +32 474 79 89 78 Veuillez mentionner les \u00e9l\u00e9ments suivants : Nom Nombre de transats avec ou sans toile Emplacement : pr\u00e8s de l&rsquo;aire de jeux, du bar ou de [&hellip;]<\/p>\n","protected":false},"author":1,"featured_media":0,"parent":0,"menu_order":0,"comment_status":"closed","ping_status":"closed","template":"","meta":{"footnotes":""},"class_list":["post-3660","page","type-page","status-publish","hentry"],"yoast_head":"<!-- This site is optimized with the Yoast SEO plugin v25.4 - https:\/\/yoast.com\/wordpress\/plugins\/seo\/ -->\n<title>R\u00e9servation | Vous souhaitez r\u00e9server un transat \u00e0 l&#039;avance ?<\/title>\n<meta name=\"description\" content=\"Vous pouvez le faire par SMS ou Whatsapp (le soir avant 21h !) au num\u00e9ro suivant : +32 474 79 89 78\" \/>\n<meta name=\"robots\" content=\"index, follow, max-snippet:-1, max-image-preview:large, max-video-preview:-1\" \/>\n<link rel=\"canonical\" href=\"https:\/\/lichttorenstrand.be\/fr\/reservation\/\" \/>\n<meta property=\"og:locale\" content=\"fr_FR\" \/>\n<meta property=\"og:type\" content=\"article\" \/>\n<meta property=\"og:title\" content=\"R\u00e9servation | Vous souhaitez r\u00e9server un transat \u00e0 l&#039;avance ?\" \/>\n<meta property=\"og:description\" content=\"Vous pouvez le faire par SMS ou Whatsapp (le soir avant 21h !) au num\u00e9ro suivant : +32 474 79 89 78\" \/>\n<meta property=\"og:url\" content=\"https:\/\/lichttorenstrand.be\/fr\/reservation\/\" \/>\n<meta property=\"og:site_name\" content=\"Strandbar Lichttorenstrand\" \/>\n<meta property=\"article:publisher\" content=\"https:\/\/www.facebook.com\/lichttorenstrand.knokke\/\" \/>\n<meta property=\"article:modified_time\" content=\"2024-02-06T06:19:01+00:00\" \/>\n<meta property=\"og:image\" content=\"https:\/\/lichttorenstrand.be\/wp-content\/uploads\/2024\/01\/Strandbar-Lichttorenstrand-Knokke-12-1024x768.jpeg\" \/>\n<meta name=\"twitter:card\" content=\"summary_large_image\" \/>\n<meta name=\"twitter:label1\" content=\"Dur\u00e9e de lecture est.\" \/>\n\t<meta name=\"twitter:data1\" content=\"1 minute\" \/>\n<script type=\"application\/ld+json\" class=\"yoast-schema-graph\">{\"@context\":\"https:\/\/schema.org\",\"@graph\":[{\"@type\":\"WebPage\",\"@id\":\"https:\/\/lichttorenstrand.be\/fr\/reservation\/\",\"url\":\"https:\/\/lichttorenstrand.be\/fr\/reservation\/\",\"name\":\"R\u00e9servation | Vous souhaitez r\u00e9server un transat \u00e0 l'avance ?\",\"isPartOf\":{\"@id\":\"https:\/\/lichttorenstrand.be\/fr\/#website\"},\"primaryImageOfPage\":{\"@id\":\"https:\/\/lichttorenstrand.be\/fr\/reservation\/#primaryimage\"},\"image\":{\"@id\":\"https:\/\/lichttorenstrand.be\/fr\/reservation\/#primaryimage\"},\"thumbnailUrl\":\"https:\/\/lichttorenstrand.be\/wp-content\/uploads\/2024\/01\/Strandbar-Lichttorenstrand-Knokke-12-1024x768.jpeg\",\"datePublished\":\"2024-01-21T09:40:57+00:00\",\"dateModified\":\"2024-02-06T06:19:01+00:00\",\"description\":\"Vous pouvez le faire par SMS ou Whatsapp (le soir avant 21h !) au num\u00e9ro suivant : +32 474 79 89 78\",\"breadcrumb\":{\"@id\":\"https:\/\/lichttorenstrand.be\/fr\/reservation\/#breadcrumb\"},\"inLanguage\":\"fr-BE\",\"potentialAction\":[{\"@type\":\"ReadAction\",\"target\":[\"https:\/\/lichttorenstrand.be\/fr\/reservation\/\"]}]},{\"@type\":\"ImageObject\",\"inLanguage\":\"fr-BE\",\"@id\":\"https:\/\/lichttorenstrand.be\/fr\/reservation\/#primaryimage\",\"url\":\"https:\/\/lichttorenstrand.be\/wp-content\/uploads\/2024\/01\/Strandbar-Lichttorenstrand-Knokke-12-1024x768.jpeg\",\"contentUrl\":\"https:\/\/lichttorenstrand.be\/wp-content\/uploads\/2024\/01\/Strandbar-Lichttorenstrand-Knokke-12-1024x768.jpeg\"},{\"@type\":\"BreadcrumbList\",\"@id\":\"https:\/\/lichttorenstrand.be\/fr\/reservation\/#breadcrumb\",\"itemListElement\":[{\"@type\":\"ListItem\",\"position\":1,\"name\":\"Home\",\"item\":\"https:\/\/lichttorenstrand.be\/fr\/\"},{\"@type\":\"ListItem\",\"position\":2,\"name\":\"R\u00e9servation\"}]},{\"@type\":\"WebSite\",\"@id\":\"https:\/\/lichttorenstrand.be\/fr\/#website\",\"url\":\"https:\/\/lichttorenstrand.be\/fr\/\",\"name\":\"Strandbar Lichttorenstrand\",\"description\":\"Uw klassevolle familiestrand in Knokke\",\"publisher\":{\"@id\":\"https:\/\/lichttorenstrand.be\/fr\/#organization\"},\"potentialAction\":[{\"@type\":\"SearchAction\",\"target\":{\"@type\":\"EntryPoint\",\"urlTemplate\":\"https:\/\/lichttorenstrand.be\/fr\/?s={search_term_string}\"},\"query-input\":{\"@type\":\"PropertyValueSpecification\",\"valueRequired\":true,\"valueName\":\"search_term_string\"}}],\"inLanguage\":\"fr-BE\"},{\"@type\":\"Organization\",\"@id\":\"https:\/\/lichttorenstrand.be\/fr\/#organization\",\"name\":\"Strandbar Lichttorenstrand\",\"url\":\"https:\/\/lichttorenstrand.be\/fr\/\",\"logo\":{\"@type\":\"ImageObject\",\"inLanguage\":\"fr-BE\",\"@id\":\"https:\/\/lichttorenstrand.be\/fr\/#\/schema\/logo\/image\/\",\"url\":\"https:\/\/lichttorenstrand.be\/wp-content\/uploads\/2024\/01\/Lichttorenstrand_Logo.png\",\"contentUrl\":\"https:\/\/lichttorenstrand.be\/wp-content\/uploads\/2024\/01\/Lichttorenstrand_Logo.png\",\"width\":2452,\"height\":1322,\"caption\":\"Strandbar Lichttorenstrand\"},\"image\":{\"@id\":\"https:\/\/lichttorenstrand.be\/fr\/#\/schema\/logo\/image\/\"},\"sameAs\":[\"https:\/\/www.facebook.com\/lichttorenstrand.knokke\/\",\"https:\/\/www.instagram.com\/lichttorenstrand.knokke\/\"]}]}<\/script>\n<!-- \/ Yoast SEO plugin. -->","yoast_head_json":{"title":"R\u00e9servation | Vous souhaitez r\u00e9server un transat \u00e0 l'avance ?","description":"Vous pouvez le faire par SMS ou Whatsapp (le soir avant 21h !) au num\u00e9ro suivant : +32 474 79 89 78","robots":{"index":"index","follow":"follow","max-snippet":"max-snippet:-1","max-image-preview":"max-image-preview:large","max-video-preview":"max-video-preview:-1"},"canonical":"https:\/\/lichttorenstrand.be\/fr\/reservation\/","og_locale":"fr_FR","og_type":"article","og_title":"R\u00e9servation | Vous souhaitez r\u00e9server un transat \u00e0 l'avance ?","og_description":"Vous pouvez le faire par SMS ou Whatsapp (le soir avant 21h !) au num\u00e9ro suivant : +32 474 79 89 78","og_url":"https:\/\/lichttorenstrand.be\/fr\/reservation\/","og_site_name":"Strandbar Lichttorenstrand","article_publisher":"https:\/\/www.facebook.com\/lichttorenstrand.knokke\/","article_modified_time":"2024-02-06T06:19:01+00:00","og_image":[{"url":"https:\/\/lichttorenstrand.be\/wp-content\/uploads\/2024\/01\/Strandbar-Lichttorenstrand-Knokke-12-1024x768.jpeg","type":"","width":"","height":""}],"twitter_card":"summary_large_image","twitter_misc":{"Dur\u00e9e de lecture est.":"1 minute"},"schema":{"@context":"https:\/\/schema.org","@graph":[{"@type":"WebPage","@id":"https:\/\/lichttorenstrand.be\/fr\/reservation\/","url":"https:\/\/lichttorenstrand.be\/fr\/reservation\/","name":"R\u00e9servation | Vous souhaitez r\u00e9server un transat \u00e0 l'avance ?","isPartOf":{"@id":"https:\/\/lichttorenstrand.be\/fr\/#website"},"primaryImageOfPage":{"@id":"https:\/\/lichttorenstrand.be\/fr\/reservation\/#primaryimage"},"image":{"@id":"https:\/\/lichttorenstrand.be\/fr\/reservation\/#primaryimage"},"thumbnailUrl":"https:\/\/lichttorenstrand.be\/wp-content\/uploads\/2024\/01\/Strandbar-Lichttorenstrand-Knokke-12-1024x768.jpeg","datePublished":"2024-01-21T09:40:57+00:00","dateModified":"2024-02-06T06:19:01+00:00","description":"Vous pouvez le faire par SMS ou Whatsapp (le soir avant 21h !) au num\u00e9ro suivant : +32 474 79 89 78","breadcrumb":{"@id":"https:\/\/lichttorenstrand.be\/fr\/reservation\/#breadcrumb"},"inLanguage":"fr-BE","potentialAction":[{"@type":"ReadAction","target":["https:\/\/lichttorenstrand.be\/fr\/reservation\/"]}]},{"@type":"ImageObject","inLanguage":"fr-BE","@id":"https:\/\/lichttorenstrand.be\/fr\/reservation\/#primaryimage","url":"https:\/\/lichttorenstrand.be\/wp-content\/uploads\/2024\/01\/Strandbar-Lichttorenstrand-Knokke-12-1024x768.jpeg","contentUrl":"https:\/\/lichttorenstrand.be\/wp-content\/uploads\/2024\/01\/Strandbar-Lichttorenstrand-Knokke-12-1024x768.jpeg"},{"@type":"BreadcrumbList","@id":"https:\/\/lichttorenstrand.be\/fr\/reservation\/#breadcrumb","itemListElement":[{"@type":"ListItem","position":1,"name":"Home","item":"https:\/\/lichttorenstrand.be\/fr\/"},{"@type":"ListItem","position":2,"name":"R\u00e9servation"}]},{"@type":"WebSite","@id":"https:\/\/lichttorenstrand.be\/fr\/#website","url":"https:\/\/lichttorenstrand.be\/fr\/","name":"Strandbar Lichttorenstrand","description":"Uw klassevolle familiestrand in Knokke","publisher":{"@id":"https:\/\/lichttorenstrand.be\/fr\/#organization"},"potentialAction":[{"@type":"SearchAction","target":{"@type":"EntryPoint","urlTemplate":"https:\/\/lichttorenstrand.be\/fr\/?s={search_term_string}"},"query-input":{"@type":"PropertyValueSpecification","valueRequired":true,"valueName":"search_term_string"}}],"inLanguage":"fr-BE"},{"@type":"Organization","@id":"https:\/\/lichttorenstrand.be\/fr\/#organization","name":"Strandbar Lichttorenstrand","url":"https:\/\/lichttorenstrand.be\/fr\/","logo":{"@type":"ImageObject","inLanguage":"fr-BE","@id":"https:\/\/lichttorenstrand.be\/fr\/#\/schema\/logo\/image\/","url":"https:\/\/lichttorenstrand.be\/wp-content\/uploads\/2024\/01\/Lichttorenstrand_Logo.png","contentUrl":"https:\/\/lichttorenstrand.be\/wp-content\/uploads\/2024\/01\/Lichttorenstrand_Logo.png","width":2452,"height":1322,"caption":"Strandbar Lichttorenstrand"},"image":{"@id":"https:\/\/lichttorenstrand.be\/fr\/#\/schema\/logo\/image\/"},"sameAs":["https:\/\/www.facebook.com\/lichttorenstrand.knokke\/","https:\/\/www.instagram.com\/lichttorenstrand.knokke\/"]}]}},"_links":{"self":[{"href":"https:\/\/lichttorenstrand.be\/fr\/wp-json\/wp\/v2\/pages\/3660","targetHints":{"allow":["GET"]}}],"collection":[{"href":"https:\/\/lichttorenstrand.be\/fr\/wp-json\/wp\/v2\/pages"}],"about":[{"href":"https:\/\/lichttorenstrand.be\/fr\/wp-json\/wp\/v2\/types\/page"}],"author":[{"embeddable":true,"href":"https:\/\/lichttorenstrand.be\/fr\/wp-json\/wp\/v2\/users\/1"}],"replies":[{"embeddable":true,"href":"https:\/\/lichttorenstrand.be\/fr\/wp-json\/wp\/v2\/comments?post=3660"}],"version-history":[{"count":2,"href":"https:\/\/lichttorenstrand.be\/fr\/wp-json\/wp\/v2\/pages\/3660\/revisions"}],"predecessor-version":[{"id":3784,"href":"https:\/\/lichttorenstrand.be\/fr\/wp-json\/wp\/v2\/pages\/3660\/revisions\/3784"}],"wp:attachment":[{"href":"https:\/\/lichttorenstrand.be\/fr\/wp-json\/wp\/v2\/media?parent=3660"}],"curies":[{"name":"wp","href":"https:\/\/api.w.org\/{rel}","templated":true}]}}